{"id":5591,"date":"2017-01-18T09:47:33","date_gmt":"2017-01-18T09:47:33","guid":{"rendered":"https:\/\/thehawaiianssupcenter.com\/about-us\/"},"modified":"2025-04-02T08:19:44","modified_gmt":"2025-04-02T08:19:44","slug":"about-us","status":"publish","type":"page","link":"https:\/\/thehawaiianssupcenter.com\/en\/about-us\/","title":{"rendered":"About us"},"content":{"rendered":"<div class=\"wpb-content-wrapper\">[vc_row full_width=&#8221;stretch_row&#8221; column_separator_row=&#8221;&#8221; masked_row=&#8221;true&#8221; mask_image=&#8221;3693&#8243; css=&#8221;.vc_custom_1741101705263{margin-top: -10px !important;background-image: url(https:\/\/thehawaiianssupcenter.com\/wp-content\/uploads\/2025\/03\/cabecera-nosotros-scaled.webp?id=5717) !important;background-position: center !important;background-repeat: no-repeat !important;background-size: cover !important;}&#8221;][vc_column offset=&#8221;vc_hidden-xs&#8221;][vc_empty_space height=&#8221;480px&#8221;][\/vc_column][\/vc_row][vc_row full_width=&#8221;stretch_row&#8221; column_separator_row=&#8221;&#8221; masked_row=&#8221;true&#8221; mask_image=&#8221;3693&#8243; css=&#8221;.vc_custom_1741169446908{margin-top: -80px !important;background-image: url(https:\/\/thehawaiianssupcenter.com\/wp-content\/uploads\/2025\/03\/cabecera-nosotros-movil.webp?id=5722) !important;background-position: center !important;background-repeat: no-repeat !important;background-size: cover !important;}&#8221; el_id=&#8221;MOVIL&#8221;][vc_column offset=&#8221;vc_hidden-lg vc_hidden-md vc_hidden-sm&#8221;][vc_empty_space height=&#8221;300px&#8221;][\/vc_column][\/vc_row][vc_row column_separator_row=&#8221;&#8221; el_id=&#8221;INTROPC&#8221;][vc_column width=&#8221;1\/4&#8243; offset=&#8221;vc_hidden-sm vc_hidden-xs&#8221;][gt3_spacing height=&#8221;100px&#8221; responsive_es=&#8221;true&#8221; height_mobile=&#8221;0px&#8221;][vc_single_image image=&#8221;5128&#8243; img_size=&#8221;&#8221; css=&#8221;&#8221;][\/vc_column][vc_column width=&#8221;1\/2&#8243; offset=&#8221;vc_hidden-sm vc_hidden-xs&#8221;][gt3_spacing height=&#8221;160px&#8221; responsive_es=&#8221;true&#8221; height_mobile=&#8221;0px&#8221;][gt3_custom_text text_color=&#8221;#27323d&#8221; font_size=&#8221;24&#8243; line_height=&#8221;160&#8243;]\n<p style=\"text-align: center;\"><strong>Iv\u00e1n Mart\u00ednez de Campos <\/strong><br \/>\nand <strong>Mar\u00eda Jos\u00e9 Payno<\/strong><br \/>\n<span style=\"font-size: 90%;\">founders of The Hawaiians SUP Center<\/span><\/p>\n[\/gt3_custom_text][gt3_spacing height=&#8221;80px&#8221; responsive_es=&#8221;true&#8221; height_mobile=&#8221;0px&#8221;][\/vc_column][vc_column width=&#8221;1\/4&#8243; offset=&#8221;vc_hidden-sm vc_hidden-xs&#8221;][gt3_spacing height=&#8221;100px&#8221; responsive_es=&#8221;true&#8221; height_mobile=&#8221;0px&#8221;][vc_single_image image=&#8221;5166&#8243; img_size=&#8221;&#8221; alignment=&#8221;right&#8221; css=&#8221;&#8221;][\/vc_column][\/vc_row][vc_row column_separator_row=&#8221;&#8221; el_id=&#8221;INTROTABLET&#8221;][vc_column width=&#8221;1\/4&#8243; offset=&#8221;vc_hidden-lg vc_hidden-md vc_hidden-xs&#8221;][gt3_spacing height=&#8221;80px&#8221; responsive_es=&#8221;true&#8221; height_mobile=&#8221;0px&#8221;][vc_single_image image=&#8221;5128&#8243; img_size=&#8221;&#8221; css=&#8221;&#8221;][\/vc_column][vc_column width=&#8221;1\/2&#8243; offset=&#8221;vc_hidden-lg vc_hidden-md vc_hidden-xs&#8221;][gt3_spacing height=&#8221;110px&#8221; responsive_es=&#8221;true&#8221; height_mobile=&#8221;0px&#8221;][gt3_custom_text text_color=&#8221;#27323d&#8221; font_size=&#8221;22&#8243; line_height=&#8221;160&#8243;]\n<p style=\"text-align: center;\"><strong>Iv\u00e1n Mart\u00ednez de Campos <\/strong><br \/>\nand <strong>Mar\u00eda Jos\u00e9 Payno<\/strong><br \/>\n<span style=\"font-size: 80%;\">founders of The Hawaiians SUP Center<\/span><\/p>\n[\/gt3_custom_text][gt3_spacing height=&#8221;60px&#8221; responsive_es=&#8221;true&#8221; height_mobile=&#8221;0px&#8221;][\/vc_column][vc_column width=&#8221;1\/4&#8243; offset=&#8221;vc_hidden-lg vc_hidden-md vc_hidden-xs&#8221;][gt3_spacing height=&#8221;80px&#8221; responsive_es=&#8221;true&#8221; height_mobile=&#8221;0px&#8221;][vc_single_image image=&#8221;5166&#8243; img_size=&#8221;&#8221; alignment=&#8221;right&#8221; css=&#8221;&#8221;][\/vc_column][\/vc_row][vc_row column_separator_row=&#8221;&#8221; el_id=&#8221;INTROMOVIL&#8221; css=&#8221;.vc_custom_1740827841567{padding-top: 48px !important;padding-bottom: 48px !important;}&#8221;][vc_column offset=&#8221;vc_hidden-lg vc_hidden-md vc_hidden-sm&#8221;][vc_single_image image=&#8221;5128&#8243; img_size=&#8221;&#8221; alignment=&#8221;center&#8221; css=&#8221;.vc_custom_1740827814460{margin-bottom: 0px !important;}&#8221;][gt3_custom_text text_color=&#8221;#27323d&#8221; font_size=&#8221;24&#8243; line_height=&#8221;160&#8243;]\n<p style=\"text-align: center;\"><strong>Iv\u00e1n Mart\u00ednez de Campos<\/strong><br \/>\n<span style=\"font-size: 90%;\">founders of<br \/>\nThe Hawaiians SUP Center<\/span><br \/>\n<strong>Mar\u00eda Jos\u00e9 Payno<\/strong><\/p>\n[\/gt3_custom_text][vc_single_image image=&#8221;5166&#8243; img_size=&#8221;&#8221; alignment=&#8221;center&#8221; css=&#8221;.vc_custom_1740827819549{margin-bottom: 0px !important;}&#8221;][\/vc_column][\/vc_row][vc_row full_width=&#8221;stretch_row&#8221;][vc_column][gt3_custom_text text_color=&#8221;#28323e&#8221; font_size=&#8221;16&#8243; line_height=&#8221;190&#8243;]Have been popular athletes for more than 30 and 20 years, respectively, competing in road races, trail races, ultra-trail races, cycling races, SUP races, as well as practising other sports such as rock climbing, mountain biking, skiing, volleyball&#8230; We have been practising sport as a lifestyle for a long time.[\/gt3_custom_text][gt3_spacing height=&#8221;17px&#8221;][gt3_custom_text text_color=&#8221;#28323e&#8221; font_size=&#8221;16&#8243; line_height=&#8221;190&#8243;]Iv\u00e1n has been organising sports events in different places in Spain for more than 20 years (among others: Triatlon Sierra Nevada, Triatlon Bola del Mundo, SwimStrong Navacerrada, SouthMan Xtreme Triathlon).[\/gt3_custom_text][gt3_spacing height=&#8221;17px&#8221;][gt3_custom_text text_color=&#8221;#28323e&#8221; font_size=&#8221;16&#8243; line_height=&#8221;190&#8243;]Maria Jos\u00e9, a professional lawyer, had as a hobby to participate in ultra-distance races and as a volunteer in the races organised by Iv\u00e1n.[\/gt3_custom_text][gt3_spacing height=&#8221;17px&#8221;][gt3_custom_text text_color=&#8221;#28323e&#8221; font_size=&#8221;16&#8243; line_height=&#8221;190&#8243;]Based in the town of Navacerrada (Madrid), in 2015 we decided to give a twist to their lives and they moved to Marbella with the goal of both being able to dedicate themselves fully to the sport.[\/gt3_custom_text][gt3_spacing height=&#8221;17px&#8221;][gt3_custom_text text_color=&#8221;#28323e&#8221; font_size=&#8221;16&#8243; line_height=&#8221;190&#8243;]That&#8217;s how <strong>The Hawaiians SUP Center<\/strong> was born in 2015, a Paddle Surf school located in Marbella.[\/gt3_custom_text][gt3_spacing height=&#8221;17px&#8221;][gt3_custom_text text_color=&#8221;#28323e&#8221; font_size=&#8221;16&#8243; line_height=&#8221;190&#8243;]Our name, a joke (very typical of Iv\u00e1n): arriving from Madrid and having no idea of paddle surfing, we bought all the material, we took the instructor training courses and we established ourselves in Ist\u00e1n Lake (very Hawaiian). We knew two things for sure: Paddle surfing started in Hawaii and what our public was looking for: to practice sports in exclusive and different places&#8230; Well, if you combine it all, that&#8217;s us, <strong>The Hawaiians SUP Center<\/strong>.[\/gt3_custom_text][gt3_spacing height=&#8221;17px&#8221;][gt3_custom_text text_color=&#8221;#28323e&#8221; font_size=&#8221;16&#8243; line_height=&#8221;190&#8243;]With the years we got closer to the sea, to our loved Guadalmina Baja. First in Parque del Sol, where we also managed the paddle courts for some time and later, in our little paradise: The <strong>Hotel Guadalmina<\/strong>.[\/gt3_custom_text][gt3_spacing height=&#8221;17px&#8221;][gt3_custom_text text_color=&#8221;#28323e&#8221; font_size=&#8221;16&#8243; line_height=&#8221;190&#8243;]And since 2018 we are still here, feeling super proud to have managed to get almost all the kids (and not so kids) of Guadalmina Baja to learn this sport thanks to <strong>The Hawaiians SUP Center<\/strong> and to have filled this part of the Costa del Sol with Stand UP Paddle boards.[\/gt3_custom_text][gt3_spacing height=&#8221;91px&#8221; responsive_es=&#8221;true&#8221; height_mobile=&#8221;51&#8243;][\/vc_column][\/vc_row][vc_row full_width=&#8221;stretch_row&#8221; column_separator_row=&#8221;&#8221; masked_row=&#8221;true&#8221; mask_image=&#8221;3692&#8243; css=&#8221;.vc_custom_1740740166158{margin-top: -10px !important;background-image: url(https:\/\/thehawaiianssupcenter.com\/wp-content\/uploads\/2025\/02\/fondo-resenas.webp?id=5184) !important;background-position: center !important;background-repeat: no-repeat !important;background-size: cover !important;}&#8221; el_id=&#8221;PCTABLET&#8221;][vc_column offset=&#8221;vc_hidden-xs&#8221;][gt3_spacing height=&#8221;90px&#8221; responsive_es=&#8221;true&#8221; height_mobile=&#8221;60&#8243;][gt3_custom_text text_color=&#8221;#ffffff&#8221; font_size=&#8221;30&#8243; line_height=&#8221;100&#8243;]\n<p style=\"text-align: center;\"><strong>What they say about us<\/strong><\/p>\n[\/gt3_custom_text][gt3_spacing height=&#8221;45px&#8221;][vc_single_image image=&#8221;3133&#8243; img_size=&#8221;full&#8221; alignment=&#8221;center&#8221;][gt3_spacing height=&#8221;23px&#8221;][vc_row_inner el_class=&#8221;testi_02&#8243;][vc_column_inner width=&#8221;2\/3&#8243; offset=&#8221;vc_col-sm-offset-2&#8243;][gt3_testimonials view_type=&#8221;type4&#8243; testimonilas_text_size=&#8221;24&#8243; text_color=&#8221;#ffffff&#8221; testimonilas_author_size=&#8221;18&#8243; sign_color=&#8221;#ffffff&#8221;][gt3_testimonial_item tstm_author=&#8221;Jorge G.&#8221; select_rate=&#8221;none&#8221;]\n<p style=\"text-align: center;\">Wonderful and surprising experience, I could not imagine such a close environment and at the same time it transports you to some place in another part of the world&#8230; and what to say about the people who attend you, kind, professional, friendly, respectful, guiding you, but at the same time pending of any incident,, not all of us have the same experience, I observed at the same time, with what delicacy and tact they attended each one; of course I will repeat and I strongly recommend them&#8230; it is a very pleasant experience&#8230;<\/p>\n[\/gt3_testimonial_item][gt3_testimonial_item tstm_author=&#8221;Tom C.&#8221; select_rate=&#8221;none&#8221;]\n<p style=\"text-align: center;\">My partner and I visited to rent two paddleboards for an hour. It was reasonably priced and located on a beautiful beach. The hotel next door was closed at the time for refurbishment, so it was not busy at all. There were no toilets and you had to use a hose to take a shower, but this didn&#8217;t bother us. The owner was incredibly friendly and we would be happy to visit again.<\/p>\n[\/gt3_testimonial_item][gt3_testimonial_item tstm_author=&#8221;Sheena S.&#8221; select_rate=&#8221;none&#8221;]\n<p style=\"text-align: center;\">We rented 5 boards for an hour and had great fun paddling in the warm water. Very friendly\/supportive owner and good quality kit. Nice bar just down the beach for a well deserved beer.<\/p>\n[\/gt3_testimonial_item][\/gt3_testimonials][\/vc_column_inner][\/vc_row_inner][gt3_spacing height=&#8221;63px&#8221; responsive_es=&#8221;true&#8221; height_mobile=&#8221;43&#8243;][\/vc_column][\/vc_row][vc_row full_width=&#8221;stretch_row&#8221; column_separator_row=&#8221;&#8221; masked_row=&#8221;true&#8221; mask_image=&#8221;3692&#8243; css=&#8221;.vc_custom_1740740174970{margin-top: -10px !important;background-image: url(https:\/\/thehawaiianssupcenter.com\/wp-content\/uploads\/2025\/02\/fondo-resenas.webp?id=5184) !important;background-position: center !important;background-repeat: no-repeat !important;background-size: cover !important;}&#8221; el_id=&#8221;MOVIL&#8221;][vc_column offset=&#8221;vc_hidden-lg vc_hidden-md vc_hidden-sm&#8221;][gt3_spacing height=&#8221;90px&#8221; responsive_es=&#8221;true&#8221; height_mobile=&#8221;60&#8243;][gt3_custom_text text_color=&#8221;#ffffff&#8221; font_size=&#8221;30&#8243; line_height=&#8221;100&#8243;]\n<p style=\"text-align: center;\"><strong>What they say about us<\/strong><\/p>\n[\/gt3_custom_text][gt3_spacing height=&#8221;45px&#8221;][vc_single_image image=&#8221;3133&#8243; img_size=&#8221;full&#8221; alignment=&#8221;center&#8221;][gt3_spacing height=&#8221;23px&#8221;][vc_row_inner el_class=&#8221;testi_02&#8243;][vc_column_inner width=&#8221;2\/3&#8243; offset=&#8221;vc_col-sm-offset-2&#8243;][gt3_testimonials view_type=&#8221;type4&#8243; text_color=&#8221;#ffffff&#8221; sign_color=&#8221;#ffffff&#8221;][gt3_testimonial_item tstm_author=&#8221;Jorge G.&#8221; select_rate=&#8221;none&#8221;]\n<p style=\"text-align: center;\">Wonderful and surprising experience, I could not imagine such a close environment and at the same time it transports you to some place in another part of the world&#8230; and what to say about the people who attend you, kind, professional, friendly, respectful, guiding you, but at the same time pending of any incident,, not all of us have the same experience, I observed at the same time, with what delicacy and tact they attended each one; of course I will repeat and I strongly recommend them&#8230; it is a very pleasant experience&#8230;<\/p>\n[\/gt3_testimonial_item][gt3_testimonial_item tstm_author=&#8221;Tom C.&#8221; select_rate=&#8221;none&#8221;]\n<p style=\"text-align: center;\">My partner and I visited to rent two paddleboards for an hour. It was reasonably priced and located on a beautiful beach. The hotel next door was closed at the time for refurbishment, so it was not busy at all. There were no toilets and you had to use a hose to take a shower, but this didn&#8217;t bother us. The owner was incredibly friendly and we would be happy to visit again.<\/p>\n[\/gt3_testimonial_item][gt3_testimonial_item tstm_author=&#8221;Sheena S.&#8221; select_rate=&#8221;none&#8221;]\n<p style=\"text-align: center;\">We rented 5 boards for an hour and had great fun paddling in the warm water. Very friendly\/supportive owner and good quality kit. Nice bar just down the beach for a well deserved beer.<\/p>\n[\/gt3_testimonial_item][\/gt3_testimonials][\/vc_column_inner][\/vc_row_inner][gt3_spacing height=&#8221;63px&#8221; responsive_es=&#8221;true&#8221; height_mobile=&#8221;43&#8243;][\/vc_column][\/vc_row]\n<\/div>","protected":false},"excerpt":{"rendered":"<p>[vc_row full_width=&#8221;stretch_row&#8221; column_separator_row=&#8221;&#8221; masked_row=&#8221;true&#8221; mask_image=&#8221;3693&#8243; css=&#8221;.vc_custom_1741101705263{margin-top: -10px !important;background-image: url(https:\/\/thehawaiianssupcenter.com\/wp-content\/uploads\/2025\/03\/cabecera-nosotros-scaled.webp?id=5717) !important;background-position: center !important;background-repeat: no-repeat !important;background-size: cover !important;}&#8221;][vc_column offset=&#8221;vc_hidden-xs&#8221;][vc_empty_space height=&#8221;480px&#8221;][\/vc_column][\/vc_row][vc_row full_width=&#8221;stretch_row&#8221; column_separator_row=&#8221;&#8221; masked_row=&#8221;true&#8221; mask_image=&#8221;3693&#8243; css=&#8221;.vc_custom_1741169446908{margin-top: -80px !important;background-image: url(https:\/\/thehawaiianssupcenter.com\/wp-content\/uploads\/2025\/03\/cabecera-nosotros-movil.webp?id=5722) !important;background-position: center !important;background-repeat: no-repeat !important;background-size: cover !important;}&#8221; el_id=&#8221;MOVIL&#8221;][vc_column offset=&#8221;vc_hidden-lg vc_hidden-md vc_hidden-sm&#8221;][vc_empty_space height=&#8221;300px&#8221;][\/vc_column][\/vc_row][vc_row column_separator_row=&#8221;&#8221; el_id=&#8221;INTROPC&#8221;][vc_column width=&#8221;1\/4&#8243; offset=&#8221;vc_hidden-sm vc_hidden-xs&#8221;][gt3_spacing height=&#8221;100px&#8221; responsive_es=&#8221;true&#8221; height_mobile=&#8221;0px&#8221;][vc_single_image image=&#8221;5128&#8243; img_size=&#8221;&#8221; css=&#8221;&#8221;][\/vc_column][vc_column width=&#8221;1\/2&#8243; offset=&#8221;vc_hidden-sm vc_hidden-xs&#8221;][gt3_spacing height=&#8221;160px&#8221; responsive_es=&#8221;true&#8221; height_mobile=&#8221;0px&#8221;][gt3_custom_text [&hellip;]<\/p>\n","protected":false},"author":2,"featured_media":0,"parent":0,"menu_order":0,"comment_status":"closed","ping_status":"closed","template":"full-width.php","meta":{"footnotes":""},"class_list":["post-5591","page","type-page","status-publish","hentry"],"yoast_head":"<!-- This site is optimized with the Yoast SEO plugin v24.7 - https:\/\/yoast.com\/wordpress\/plugins\/seo\/ -->\n<title>About us - The Hawaiians SUP Center<\/title>\n<meta name=\"description\" content=\"Meet Iv\u00e1n and Mar\u00eda Jos\u00e9, founders with over 30 years of experience in various sports. We&#039;ve been living sports as a lifestyle for a long time.\" \/>\n<meta name=\"robots\" content=\"index, follow, max-snippet:-1, max-image-preview:large, max-video-preview:-1\" \/>\n<link rel=\"canonical\" href=\"https:\/\/thehawaiianssupcenter.com\/nosotros\/\" \/>\n<meta property=\"og:locale\" content=\"en_US\" \/>\n<meta property=\"og:type\" content=\"article\" \/>\n<meta property=\"og:title\" content=\"About us - The Hawaiians SUP Center\" \/>\n<meta property=\"og:description\" content=\"Meet Iv\u00e1n and Mar\u00eda Jos\u00e9, founders with over 30 years of experience in various sports. We&#039;ve been living sports as a lifestyle for a long time.\" \/>\n<meta property=\"og:url\" content=\"https:\/\/thehawaiianssupcenter.com\/nosotros\/\" \/>\n<meta property=\"og:site_name\" content=\"The Hawaiians SUP Center\" \/>\n<meta property=\"article:publisher\" content=\"https:\/\/www.facebook.com\/TheHawaiiansSUPCenter\" \/>\n<meta property=\"article:modified_time\" content=\"2025-04-02T08:19:44+00:00\" \/>\n<meta name=\"twitter:card\" content=\"summary_large_image\" \/>\n<meta name=\"twitter:label1\" content=\"Est. reading time\" \/>\n\t<meta name=\"twitter:data1\" content=\"5 minutes\" \/>\n<script type=\"application\/ld+json\" class=\"yoast-schema-graph\">{\"@context\":\"https:\/\/schema.org\",\"@graph\":[{\"@type\":\"WebPage\",\"@id\":\"https:\/\/thehawaiianssupcenter.com\/nosotros\/\",\"url\":\"https:\/\/thehawaiianssupcenter.com\/nosotros\/\",\"name\":\"About us - The Hawaiians SUP Center\",\"isPartOf\":{\"@id\":\"https:\/\/thehawaiianssupcenter.com\/#website\"},\"datePublished\":\"2017-01-18T09:47:33+00:00\",\"dateModified\":\"2025-04-02T08:19:44+00:00\",\"description\":\"Meet Iv\u00e1n and Mar\u00eda Jos\u00e9, founders with over 30 years of experience in various sports. We've been living sports as a lifestyle for a long time.\",\"breadcrumb\":{\"@id\":\"https:\/\/thehawaiianssupcenter.com\/nosotros\/#breadcrumb\"},\"inLanguage\":\"en-US\",\"potentialAction\":[{\"@type\":\"ReadAction\",\"target\":[\"https:\/\/thehawaiianssupcenter.com\/nosotros\/\"]}]},{\"@type\":\"BreadcrumbList\",\"@id\":\"https:\/\/thehawaiianssupcenter.com\/nosotros\/#breadcrumb\",\"itemListElement\":[{\"@type\":\"ListItem\",\"position\":1,\"name\":\"Home\",\"item\":\"https:\/\/thehawaiianssupcenter.com\/en\/home\/\"},{\"@type\":\"ListItem\",\"position\":2,\"name\":\"About us\"}]},{\"@type\":\"WebSite\",\"@id\":\"https:\/\/thehawaiianssupcenter.com\/#website\",\"url\":\"https:\/\/thehawaiianssupcenter.com\/\",\"name\":\"The Hawaiians SUP Center\",\"description\":\"\",\"publisher\":{\"@id\":\"https:\/\/thehawaiianssupcenter.com\/#organization\"},\"potentialAction\":[{\"@type\":\"SearchAction\",\"target\":{\"@type\":\"EntryPoint\",\"urlTemplate\":\"https:\/\/thehawaiianssupcenter.com\/?s={search_term_string}\"},\"query-input\":{\"@type\":\"PropertyValueSpecification\",\"valueRequired\":true,\"valueName\":\"search_term_string\"}}],\"inLanguage\":\"en-US\"},{\"@type\":\"Organization\",\"@id\":\"https:\/\/thehawaiianssupcenter.com\/#organization\",\"name\":\"The Hawaiians SUP Center\",\"url\":\"https:\/\/thehawaiianssupcenter.com\/\",\"logo\":{\"@type\":\"ImageObject\",\"inLanguage\":\"en-US\",\"@id\":\"https:\/\/thehawaiianssupcenter.com\/#\/schema\/logo\/image\/\",\"url\":\"https:\/\/thehawaiianssupcenter.com\/wp-content\/uploads\/2024\/11\/logo-the-hawaiians-sup-center-sticky.v2.webp\",\"contentUrl\":\"https:\/\/thehawaiianssupcenter.com\/wp-content\/uploads\/2024\/11\/logo-the-hawaiians-sup-center-sticky.v2.webp\",\"width\":450,\"height\":40,\"caption\":\"The Hawaiians SUP Center\"},\"image\":{\"@id\":\"https:\/\/thehawaiianssupcenter.com\/#\/schema\/logo\/image\/\"},\"sameAs\":[\"https:\/\/www.facebook.com\/TheHawaiiansSUPCenter\",\"https:\/\/www.instagram.com\/thehawaiianssupcenter\/\"]}]}<\/script>\n<!-- \/ Yoast SEO plugin. -->","yoast_head_json":{"title":"About us - The Hawaiians SUP Center","description":"Meet Iv\u00e1n and Mar\u00eda Jos\u00e9, founders with over 30 years of experience in various sports. We've been living sports as a lifestyle for a long time.","robots":{"index":"index","follow":"follow","max-snippet":"max-snippet:-1","max-image-preview":"max-image-preview:large","max-video-preview":"max-video-preview:-1"},"canonical":"https:\/\/thehawaiianssupcenter.com\/nosotros\/","og_locale":"en_US","og_type":"article","og_title":"About us - The Hawaiians SUP Center","og_description":"Meet Iv\u00e1n and Mar\u00eda Jos\u00e9, founders with over 30 years of experience in various sports. We've been living sports as a lifestyle for a long time.","og_url":"https:\/\/thehawaiianssupcenter.com\/nosotros\/","og_site_name":"The Hawaiians SUP Center","article_publisher":"https:\/\/www.facebook.com\/TheHawaiiansSUPCenter","article_modified_time":"2025-04-02T08:19:44+00:00","twitter_card":"summary_large_image","twitter_misc":{"Est. reading time":"5 minutes"},"schema":{"@context":"https:\/\/schema.org","@graph":[{"@type":"WebPage","@id":"https:\/\/thehawaiianssupcenter.com\/nosotros\/","url":"https:\/\/thehawaiianssupcenter.com\/nosotros\/","name":"About us - The Hawaiians SUP Center","isPartOf":{"@id":"https:\/\/thehawaiianssupcenter.com\/#website"},"datePublished":"2017-01-18T09:47:33+00:00","dateModified":"2025-04-02T08:19:44+00:00","description":"Meet Iv\u00e1n and Mar\u00eda Jos\u00e9, founders with over 30 years of experience in various sports. We've been living sports as a lifestyle for a long time.","breadcrumb":{"@id":"https:\/\/thehawaiianssupcenter.com\/nosotros\/#breadcrumb"},"inLanguage":"en-US","potentialAction":[{"@type":"ReadAction","target":["https:\/\/thehawaiianssupcenter.com\/nosotros\/"]}]},{"@type":"BreadcrumbList","@id":"https:\/\/thehawaiianssupcenter.com\/nosotros\/#breadcrumb","itemListElement":[{"@type":"ListItem","position":1,"name":"Home","item":"https:\/\/thehawaiianssupcenter.com\/en\/home\/"},{"@type":"ListItem","position":2,"name":"About us"}]},{"@type":"WebSite","@id":"https:\/\/thehawaiianssupcenter.com\/#website","url":"https:\/\/thehawaiianssupcenter.com\/","name":"The Hawaiians SUP Center","description":"","publisher":{"@id":"https:\/\/thehawaiianssupcenter.com\/#organization"},"potentialAction":[{"@type":"SearchAction","target":{"@type":"EntryPoint","urlTemplate":"https:\/\/thehawaiianssupcenter.com\/?s={search_term_string}"},"query-input":{"@type":"PropertyValueSpecification","valueRequired":true,"valueName":"search_term_string"}}],"inLanguage":"en-US"},{"@type":"Organization","@id":"https:\/\/thehawaiianssupcenter.com\/#organization","name":"The Hawaiians SUP Center","url":"https:\/\/thehawaiianssupcenter.com\/","logo":{"@type":"ImageObject","inLanguage":"en-US","@id":"https:\/\/thehawaiianssupcenter.com\/#\/schema\/logo\/image\/","url":"https:\/\/thehawaiianssupcenter.com\/wp-content\/uploads\/2024\/11\/logo-the-hawaiians-sup-center-sticky.v2.webp","contentUrl":"https:\/\/thehawaiianssupcenter.com\/wp-content\/uploads\/2024\/11\/logo-the-hawaiians-sup-center-sticky.v2.webp","width":450,"height":40,"caption":"The Hawaiians SUP Center"},"image":{"@id":"https:\/\/thehawaiianssupcenter.com\/#\/schema\/logo\/image\/"},"sameAs":["https:\/\/www.facebook.com\/TheHawaiiansSUPCenter","https:\/\/www.instagram.com\/thehawaiianssupcenter\/"]}]}},"_links":{"self":[{"href":"https:\/\/thehawaiianssupcenter.com\/en\/wp-json\/wp\/v2\/pages\/5591","targetHints":{"allow":["GET"]}}],"collection":[{"href":"https:\/\/thehawaiianssupcenter.com\/en\/wp-json\/wp\/v2\/pages"}],"about":[{"href":"https:\/\/thehawaiianssupcenter.com\/en\/wp-json\/wp\/v2\/types\/page"}],"author":[{"embeddable":true,"href":"https:\/\/thehawaiianssupcenter.com\/en\/wp-json\/wp\/v2\/users\/2"}],"replies":[{"embeddable":true,"href":"https:\/\/thehawaiianssupcenter.com\/en\/wp-json\/wp\/v2\/comments?post=5591"}],"version-history":[{"count":6,"href":"https:\/\/thehawaiianssupcenter.com\/en\/wp-json\/wp\/v2\/pages\/5591\/revisions"}],"predecessor-version":[{"id":5747,"href":"https:\/\/thehawaiianssupcenter.com\/en\/wp-json\/wp\/v2\/pages\/5591\/revisions\/5747"}],"wp:attachment":[{"href":"https:\/\/thehawaiianssupcenter.com\/en\/wp-json\/wp\/v2\/media?parent=5591"}],"curies":[{"name":"wp","href":"https:\/\/api.w.org\/{rel}","templated":true}]}}